
{"id":39156,"date":"2024-04-18T15:58:03","date_gmt":"2024-04-18T13:58:03","guid":{"rendered":"https:\/\/www.emilianobodega.com\/product\/voucher-200e\/"},"modified":"2025-03-06T10:43:40","modified_gmt":"2025-03-06T09:43:40","slug":"bo-200e","status":"publish","type":"product","link":"https:\/\/www.emilianobodega.com\/ca\/producte\/bo-200e\/","title":{"rendered":"BO REGAL 200\u20ac"},"content":{"rendered":"<p data-start=\"0\" data-end=\"49\">Canvia aquest val pel seu valor a Casa Monta\u00f1a.<\/p>\n<p data-start=\"51\" data-end=\"197\"><strong>Per utilitzar aquest val, cal fer una reserva al restaurant indicant el n\u00famero de comanda que rebr\u00e0s per correu electr\u00f2nic despr\u00e9s de la compra.<\/strong><\/p>\n<p data-start=\"199\" data-end=\"290\"><strong>El val tamb\u00e9 es pot bescanviar pels nostres vins, licors i altres productes per emportar.<\/strong><\/p>\n<p data-start=\"292\" data-end=\"343\" data-is-last-node=\"\" data-is-only-node=\"\"><strong>Sense caducitat. V\u00e0lid qualsevol dia de la setmana.<\/strong><\/p>\n","protected":false},"excerpt":{"rendered":"<p>Canvia aquest val pel seu valor a Casa Monta\u00f1a. Per [&hellip;]<\/p>\n","protected":false},"featured_media":39157,"template":"","meta":[],"product_brand":[],"product_cat":[81,143],"product_tag":[],"class_list":{"0":"post-39156","1":"product","2":"type-product","3":"status-publish","4":"has-post-thumbnail","6":"product_cat-bono-regalo-ca","7":"product_cat-pdf-bono-ca","9":"first","10":"instock","11":"virtual","12":"purchasable","13":"product-type-simple"},"yoast_head":"<!-- This site is optimized with the Yoast SEO plugin v26.2 - https:\/\/yoast.com\/wordpress\/plugins\/seo\/ -->\n<title>BO REGAL 200\u20ac - Casa Monta\u00f1a<\/title>\n<meta name=\"robots\" content=\"index, follow, max-snippet:-1, max-image-preview:large, max-video-preview:-1\" \/>\n<link rel=\"canonical\" href=\"https:\/\/www.emilianobodega.com\/ca\/producte\/bo-200e\/\" \/>\n<meta property=\"og:locale\" content=\"ca_ES\" \/>\n<meta property=\"og:type\" content=\"article\" \/>\n<meta property=\"og:title\" content=\"BO REGAL 200\u20ac - Casa Monta\u00f1a\" \/>\n<meta property=\"og:description\" content=\"Canvia aquest val pel seu valor a Casa Monta\u00f1a. Per [&hellip;]\" \/>\n<meta property=\"og:url\" content=\"https:\/\/www.emilianobodega.com\/ca\/producte\/bo-200e\/\" \/>\n<meta property=\"og:site_name\" content=\"Casa Monta\u00f1a\" \/>\n<meta property=\"article:modified_time\" content=\"2025-03-06T09:43:40+00:00\" \/>\n<meta property=\"og:image\" content=\"https:\/\/www.emilianobodega.com\/wp-content\/uploads\/2021\/04\/SI7P8A9864.jpg\" \/>\n\t<meta property=\"og:image:width\" content=\"1200\" \/>\n\t<meta property=\"og:image:height\" content=\"800\" \/>\n\t<meta property=\"og:image:type\" content=\"image\/jpeg\" \/>\n<meta name=\"twitter:card\" content=\"summary_large_image\" \/>\n<meta name=\"twitter:label1\" content=\"Temps estimat de lectura\" \/>\n\t<meta name=\"twitter:data1\" content=\"1 minut\" \/>\n<script type=\"application\/ld+json\" class=\"yoast-schema-graph\">{\"@context\":\"https:\/\/schema.org\",\"@graph\":[{\"@type\":\"WebPage\",\"@id\":\"https:\/\/www.emilianobodega.com\/ca\/producte\/bo-200e\/\",\"url\":\"https:\/\/www.emilianobodega.com\/ca\/producte\/bo-200e\/\",\"name\":\"BO REGAL 200\u20ac - Casa Monta\u00f1a\",\"isPartOf\":{\"@id\":\"https:\/\/www.emilianobodega.com\/ca\/#website\"},\"primaryImageOfPage\":{\"@id\":\"https:\/\/www.emilianobodega.com\/ca\/producte\/bo-200e\/#primaryimage\"},\"image\":{\"@id\":\"https:\/\/www.emilianobodega.com\/ca\/producte\/bo-200e\/#primaryimage\"},\"thumbnailUrl\":\"https:\/\/www.emilianobodega.com\/wp-content\/uploads\/2021\/04\/SI7P8A9864.jpg\",\"datePublished\":\"2024-04-18T13:58:03+00:00\",\"dateModified\":\"2025-03-06T09:43:40+00:00\",\"breadcrumb\":{\"@id\":\"https:\/\/www.emilianobodega.com\/ca\/producte\/bo-200e\/#breadcrumb\"},\"inLanguage\":\"ca\",\"potentialAction\":[{\"@type\":\"ReadAction\",\"target\":[\"https:\/\/www.emilianobodega.com\/ca\/producte\/bo-200e\/\"]}]},{\"@type\":\"ImageObject\",\"inLanguage\":\"ca\",\"@id\":\"https:\/\/www.emilianobodega.com\/ca\/producte\/bo-200e\/#primaryimage\",\"url\":\"https:\/\/www.emilianobodega.com\/wp-content\/uploads\/2021\/04\/SI7P8A9864.jpg\",\"contentUrl\":\"https:\/\/www.emilianobodega.com\/wp-content\/uploads\/2021\/04\/SI7P8A9864.jpg\",\"width\":1200,\"height\":800},{\"@type\":\"BreadcrumbList\",\"@id\":\"https:\/\/www.emilianobodega.com\/ca\/producte\/bo-200e\/#breadcrumb\",\"itemListElement\":[{\"@type\":\"ListItem\",\"position\":1,\"name\":\"Home\",\"item\":\"https:\/\/www.emilianobodega.com\/ca\/\"},{\"@type\":\"ListItem\",\"position\":2,\"name\":\"Botiga\",\"item\":\"https:\/\/www.emilianobodega.com\/ca\/botiga\/\"},{\"@type\":\"ListItem\",\"position\":3,\"name\":\"BO REGAL 200\u20ac\"}]},{\"@type\":\"WebSite\",\"@id\":\"https:\/\/www.emilianobodega.com\/ca\/#website\",\"url\":\"https:\/\/www.emilianobodega.com\/ca\/\",\"name\":\"Casa Monta\u00f1a\",\"description\":\"Emiliano Bodega Casa Monta\u00f1a en Valencia\",\"potentialAction\":[{\"@type\":\"SearchAction\",\"target\":{\"@type\":\"EntryPoint\",\"urlTemplate\":\"https:\/\/www.emilianobodega.com\/ca\/?s={search_term_string}\"},\"query-input\":{\"@type\":\"PropertyValueSpecification\",\"valueRequired\":true,\"valueName\":\"search_term_string\"}}],\"inLanguage\":\"ca\"}]}<\/script>\n<!-- \/ Yoast SEO plugin. -->","yoast_head_json":{"title":"BO REGAL 200\u20ac - Casa Monta\u00f1a","robots":{"index":"index","follow":"follow","max-snippet":"max-snippet:-1","max-image-preview":"max-image-preview:large","max-video-preview":"max-video-preview:-1"},"canonical":"https:\/\/www.emilianobodega.com\/ca\/producte\/bo-200e\/","og_locale":"ca_ES","og_type":"article","og_title":"BO REGAL 200\u20ac - Casa Monta\u00f1a","og_description":"Canvia aquest val pel seu valor a Casa Monta\u00f1a. Per [&hellip;]","og_url":"https:\/\/www.emilianobodega.com\/ca\/producte\/bo-200e\/","og_site_name":"Casa Monta\u00f1a","article_modified_time":"2025-03-06T09:43:40+00:00","og_image":[{"width":1200,"height":800,"url":"https:\/\/www.emilianobodega.com\/wp-content\/uploads\/2021\/04\/SI7P8A9864.jpg","type":"image\/jpeg"}],"twitter_card":"summary_large_image","twitter_misc":{"Temps estimat de lectura":"1 minut"},"schema":{"@context":"https:\/\/schema.org","@graph":[{"@type":"WebPage","@id":"https:\/\/www.emilianobodega.com\/ca\/producte\/bo-200e\/","url":"https:\/\/www.emilianobodega.com\/ca\/producte\/bo-200e\/","name":"BO REGAL 200\u20ac - Casa Monta\u00f1a","isPartOf":{"@id":"https:\/\/www.emilianobodega.com\/ca\/#website"},"primaryImageOfPage":{"@id":"https:\/\/www.emilianobodega.com\/ca\/producte\/bo-200e\/#primaryimage"},"image":{"@id":"https:\/\/www.emilianobodega.com\/ca\/producte\/bo-200e\/#primaryimage"},"thumbnailUrl":"https:\/\/www.emilianobodega.com\/wp-content\/uploads\/2021\/04\/SI7P8A9864.jpg","datePublished":"2024-04-18T13:58:03+00:00","dateModified":"2025-03-06T09:43:40+00:00","breadcrumb":{"@id":"https:\/\/www.emilianobodega.com\/ca\/producte\/bo-200e\/#breadcrumb"},"inLanguage":"ca","potentialAction":[{"@type":"ReadAction","target":["https:\/\/www.emilianobodega.com\/ca\/producte\/bo-200e\/"]}]},{"@type":"ImageObject","inLanguage":"ca","@id":"https:\/\/www.emilianobodega.com\/ca\/producte\/bo-200e\/#primaryimage","url":"https:\/\/www.emilianobodega.com\/wp-content\/uploads\/2021\/04\/SI7P8A9864.jpg","contentUrl":"https:\/\/www.emilianobodega.com\/wp-content\/uploads\/2021\/04\/SI7P8A9864.jpg","width":1200,"height":800},{"@type":"BreadcrumbList","@id":"https:\/\/www.emilianobodega.com\/ca\/producte\/bo-200e\/#breadcrumb","itemListElement":[{"@type":"ListItem","position":1,"name":"Home","item":"https:\/\/www.emilianobodega.com\/ca\/"},{"@type":"ListItem","position":2,"name":"Botiga","item":"https:\/\/www.emilianobodega.com\/ca\/botiga\/"},{"@type":"ListItem","position":3,"name":"BO REGAL 200\u20ac"}]},{"@type":"WebSite","@id":"https:\/\/www.emilianobodega.com\/ca\/#website","url":"https:\/\/www.emilianobodega.com\/ca\/","name":"Casa Monta\u00f1a","description":"Emiliano Bodega Casa Monta\u00f1a en Valencia","potentialAction":[{"@type":"SearchAction","target":{"@type":"EntryPoint","urlTemplate":"https:\/\/www.emilianobodega.com\/ca\/?s={search_term_string}"},"query-input":{"@type":"PropertyValueSpecification","valueRequired":true,"valueName":"search_term_string"}}],"inLanguage":"ca"}]}},"_links":{"self":[{"href":"https:\/\/www.emilianobodega.com\/ca\/wp-json\/wp\/v2\/product\/39156","targetHints":{"allow":["GET"]}}],"collection":[{"href":"https:\/\/www.emilianobodega.com\/ca\/wp-json\/wp\/v2\/product"}],"about":[{"href":"https:\/\/www.emilianobodega.com\/ca\/wp-json\/wp\/v2\/types\/product"}],"wp:featuredmedia":[{"embeddable":true,"href":"https:\/\/www.emilianobodega.com\/ca\/wp-json\/wp\/v2\/media\/39157"}],"wp:attachment":[{"href":"https:\/\/www.emilianobodega.com\/ca\/wp-json\/wp\/v2\/media?parent=39156"}],"wp:term":[{"taxonomy":"product_brand","embeddable":true,"href":"https:\/\/www.emilianobodega.com\/ca\/wp-json\/wp\/v2\/product_brand?post=39156"},{"taxonomy":"product_cat","embeddable":true,"href":"https:\/\/www.emilianobodega.com\/ca\/wp-json\/wp\/v2\/product_cat?post=39156"},{"taxonomy":"product_tag","embeddable":true,"href":"https:\/\/www.emilianobodega.com\/ca\/wp-json\/wp\/v2\/product_tag?post=39156"}],"curies":[{"name":"wp","href":"https:\/\/api.w.org\/{rel}","templated":true}]}}