
{"id":8048,"date":"2021-06-19T09:56:23","date_gmt":"2021-06-19T09:56:23","guid":{"rendered":"https:\/\/www.emilianobodega.com\/product\/bono-1836-con-maridaje\/"},"modified":"2025-02-06T08:24:57","modified_gmt":"2025-02-06T07:24:57","slug":"bono-1836-con-maridaje","status":"publish","type":"product","link":"https:\/\/www.emilianobodega.com\/ca\/producte\/bono-1836-con-maridaje\/","title":{"rendered":"BONO <span class=\"mas-superindice\">1836<span>+<\/span><\/span> AMB SELECCI\u00d3 DE VINS"},"content":{"rendered":"<p><b>Una selecci\u00f3 de vins del nostre Celler per a fer maridatge amb les nostres tapes m\u00e9s tradicionals des de 1836, any de fundaci\u00f3 de la casa.<\/b><\/p>\n<ul>\n<li>Tonyina roja del Mediterrani marinat a les 7 Esp\u00e8cies<\/li>\n<li>Porro temperat amb vinagreta de verdures<\/li>\n<li>Piment\u00f3 del \u2018piquillo\u2019 farcit<\/li>\n<li>Croqueta de bacall\u00e0<\/li>\n<li>Mixt degustaci\u00f3 de pernil de gla 100% ra\u00e7a ib\u00e8rica etiqueta negra i xori\u00e7o de Zamora<\/li>\n<li>Pimientons de Padr\u00f3n o Piparra de Ibarra (Segons Temporada)<\/li>\n<li>Faves estofades (Michirones)<\/li>\n<li>Rellom de `bov\u00ed especial\u00b4 trinxat amb Boletus<\/li>\n<li>Pa artes\u00e0 del forn San Bartolom\u00e9<\/li>\n<li>T\u00f2fona artesana de xocolata i bast\u00f3 de past\u00eds Osca de crema d&#8217;avellanes i ametlles<\/li>\n<li>Caf\u00e9 express<\/li>\n<\/ul>\n<p>&nbsp;<\/p>\n<ul>\n<li>Virgulilla Blanc D.O. Val\u00e8ncia<\/li>\n<li>Virgulilla Negre D.O. Val\u00e8ncia<\/li>\n<li>Neleman Robusta<\/li>\n<li>Mistela de les nostres barriques<\/li>\n<\/ul>\n<p>*Inclou aigua<\/p>\n<p>&nbsp;<\/p>\n<p>*Al\u00b7l\u00e8rgens: Cont\u00e9 sulfits.<\/p>\n<p>&nbsp;<\/p>\n<p><em>*Les tapes d&#8217;aquesta bonificaci\u00f3\/men\u00fa poden variar, ja que estan subjectes a la disponibilitat estacional.<\/em><\/p>\n<p><strong>Per a utilitzar aquest bo ser\u00e0 necessari fer una reserva en el restaurant indicant el n\u00famero de bo.<\/strong><\/p>\n<p><strong>No caduca. V\u00e0lid per a qualsevol dia de la setmana.<\/strong><\/p>\n","protected":false},"excerpt":{"rendered":"<p>Una selecci\u00f3 de vins del nostre Celler per a fer [&hellip;]<\/p>\n","protected":false},"featured_media":8049,"template":"","meta":[],"product_brand":[],"product_cat":[81,143],"product_tag":[],"class_list":{"0":"post-8048","1":"product","2":"type-product","3":"status-publish","4":"has-post-thumbnail","6":"product_cat-bono-regalo-ca","7":"product_cat-pdf-bono-ca","9":"first","10":"instock","11":"virtual","12":"purchasable","13":"product-type-simple"},"yoast_head":"<!-- This site is optimized with the Yoast SEO plugin v26.2 - https:\/\/yoast.com\/wordpress\/plugins\/seo\/ -->\n<title>BONO 1836+ AMB SELECCI\u00d3 DE VINS - Casa Monta\u00f1a<\/title>\n<meta name=\"robots\" content=\"index, follow, max-snippet:-1, max-image-preview:large, max-video-preview:-1\" \/>\n<link rel=\"canonical\" href=\"https:\/\/www.emilianobodega.com\/ca\/producte\/bono-1836-con-maridaje\/\" \/>\n<meta property=\"og:locale\" content=\"ca_ES\" \/>\n<meta property=\"og:type\" content=\"article\" \/>\n<meta property=\"og:title\" content=\"BONO 1836+ AMB SELECCI\u00d3 DE VINS - Casa Monta\u00f1a\" \/>\n<meta property=\"og:description\" content=\"Una selecci\u00f3 de vins del nostre Celler per a fer [&hellip;]\" \/>\n<meta property=\"og:url\" content=\"https:\/\/www.emilianobodega.com\/ca\/producte\/bono-1836-con-maridaje\/\" \/>\n<meta property=\"og:site_name\" content=\"Casa Monta\u00f1a\" \/>\n<meta property=\"article:modified_time\" content=\"2025-02-06T07:24:57+00:00\" \/>\n<meta property=\"og:image\" content=\"https:\/\/www.emilianobodega.com\/wp-content\/uploads\/2021\/04\/SI7P8A9514.jpg\" \/>\n\t<meta property=\"og:image:width\" content=\"1200\" \/>\n\t<meta property=\"og:image:height\" content=\"800\" \/>\n\t<meta property=\"og:image:type\" content=\"image\/jpeg\" \/>\n<meta name=\"twitter:card\" content=\"summary_large_image\" \/>\n<meta name=\"twitter:label1\" content=\"Temps estimat de lectura\" \/>\n\t<meta name=\"twitter:data1\" content=\"1 minut\" \/>\n<script type=\"application\/ld+json\" class=\"yoast-schema-graph\">{\"@context\":\"https:\/\/schema.org\",\"@graph\":[{\"@type\":\"WebPage\",\"@id\":\"https:\/\/www.emilianobodega.com\/ca\/producte\/bono-1836-con-maridaje\/\",\"url\":\"https:\/\/www.emilianobodega.com\/ca\/producte\/bono-1836-con-maridaje\/\",\"name\":\"BONO 1836+ AMB SELECCI\u00d3 DE VINS - Casa Monta\u00f1a\",\"isPartOf\":{\"@id\":\"https:\/\/www.emilianobodega.com\/ca\/#website\"},\"primaryImageOfPage\":{\"@id\":\"https:\/\/www.emilianobodega.com\/ca\/producte\/bono-1836-con-maridaje\/#primaryimage\"},\"image\":{\"@id\":\"https:\/\/www.emilianobodega.com\/ca\/producte\/bono-1836-con-maridaje\/#primaryimage\"},\"thumbnailUrl\":\"https:\/\/www.emilianobodega.com\/wp-content\/uploads\/2021\/04\/SI7P8A9514.jpg\",\"datePublished\":\"2021-06-19T09:56:23+00:00\",\"dateModified\":\"2025-02-06T07:24:57+00:00\",\"breadcrumb\":{\"@id\":\"https:\/\/www.emilianobodega.com\/ca\/producte\/bono-1836-con-maridaje\/#breadcrumb\"},\"inLanguage\":\"ca\",\"potentialAction\":[{\"@type\":\"ReadAction\",\"target\":[\"https:\/\/www.emilianobodega.com\/ca\/producte\/bono-1836-con-maridaje\/\"]}]},{\"@type\":\"ImageObject\",\"inLanguage\":\"ca\",\"@id\":\"https:\/\/www.emilianobodega.com\/ca\/producte\/bono-1836-con-maridaje\/#primaryimage\",\"url\":\"https:\/\/www.emilianobodega.com\/wp-content\/uploads\/2021\/04\/SI7P8A9514.jpg\",\"contentUrl\":\"https:\/\/www.emilianobodega.com\/wp-content\/uploads\/2021\/04\/SI7P8A9514.jpg\",\"width\":1200,\"height\":800},{\"@type\":\"BreadcrumbList\",\"@id\":\"https:\/\/www.emilianobodega.com\/ca\/producte\/bono-1836-con-maridaje\/#breadcrumb\",\"itemListElement\":[{\"@type\":\"ListItem\",\"position\":1,\"name\":\"Home\",\"item\":\"https:\/\/www.emilianobodega.com\/ca\/\"},{\"@type\":\"ListItem\",\"position\":2,\"name\":\"Botiga\",\"item\":\"https:\/\/www.emilianobodega.com\/ca\/botiga\/\"},{\"@type\":\"ListItem\",\"position\":3,\"name\":\"BONO 1836+ AMB SELECCI\u00d3 DE VINS\"}]},{\"@type\":\"WebSite\",\"@id\":\"https:\/\/www.emilianobodega.com\/ca\/#website\",\"url\":\"https:\/\/www.emilianobodega.com\/ca\/\",\"name\":\"Casa Monta\u00f1a\",\"description\":\"Emiliano Bodega Casa Monta\u00f1a en Valencia\",\"potentialAction\":[{\"@type\":\"SearchAction\",\"target\":{\"@type\":\"EntryPoint\",\"urlTemplate\":\"https:\/\/www.emilianobodega.com\/ca\/?s={search_term_string}\"},\"query-input\":{\"@type\":\"PropertyValueSpecification\",\"valueRequired\":true,\"valueName\":\"search_term_string\"}}],\"inLanguage\":\"ca\"}]}<\/script>\n<!-- \/ Yoast SEO plugin. -->","yoast_head_json":{"title":"BONO 1836+ AMB SELECCI\u00d3 DE VINS - Casa Monta\u00f1a","robots":{"index":"index","follow":"follow","max-snippet":"max-snippet:-1","max-image-preview":"max-image-preview:large","max-video-preview":"max-video-preview:-1"},"canonical":"https:\/\/www.emilianobodega.com\/ca\/producte\/bono-1836-con-maridaje\/","og_locale":"ca_ES","og_type":"article","og_title":"BONO 1836+ AMB SELECCI\u00d3 DE VINS - Casa Monta\u00f1a","og_description":"Una selecci\u00f3 de vins del nostre Celler per a fer [&hellip;]","og_url":"https:\/\/www.emilianobodega.com\/ca\/producte\/bono-1836-con-maridaje\/","og_site_name":"Casa Monta\u00f1a","article_modified_time":"2025-02-06T07:24:57+00:00","og_image":[{"width":1200,"height":800,"url":"https:\/\/www.emilianobodega.com\/wp-content\/uploads\/2021\/04\/SI7P8A9514.jpg","type":"image\/jpeg"}],"twitter_card":"summary_large_image","twitter_misc":{"Temps estimat de lectura":"1 minut"},"schema":{"@context":"https:\/\/schema.org","@graph":[{"@type":"WebPage","@id":"https:\/\/www.emilianobodega.com\/ca\/producte\/bono-1836-con-maridaje\/","url":"https:\/\/www.emilianobodega.com\/ca\/producte\/bono-1836-con-maridaje\/","name":"BONO 1836+ AMB SELECCI\u00d3 DE VINS - Casa Monta\u00f1a","isPartOf":{"@id":"https:\/\/www.emilianobodega.com\/ca\/#website"},"primaryImageOfPage":{"@id":"https:\/\/www.emilianobodega.com\/ca\/producte\/bono-1836-con-maridaje\/#primaryimage"},"image":{"@id":"https:\/\/www.emilianobodega.com\/ca\/producte\/bono-1836-con-maridaje\/#primaryimage"},"thumbnailUrl":"https:\/\/www.emilianobodega.com\/wp-content\/uploads\/2021\/04\/SI7P8A9514.jpg","datePublished":"2021-06-19T09:56:23+00:00","dateModified":"2025-02-06T07:24:57+00:00","breadcrumb":{"@id":"https:\/\/www.emilianobodega.com\/ca\/producte\/bono-1836-con-maridaje\/#breadcrumb"},"inLanguage":"ca","potentialAction":[{"@type":"ReadAction","target":["https:\/\/www.emilianobodega.com\/ca\/producte\/bono-1836-con-maridaje\/"]}]},{"@type":"ImageObject","inLanguage":"ca","@id":"https:\/\/www.emilianobodega.com\/ca\/producte\/bono-1836-con-maridaje\/#primaryimage","url":"https:\/\/www.emilianobodega.com\/wp-content\/uploads\/2021\/04\/SI7P8A9514.jpg","contentUrl":"https:\/\/www.emilianobodega.com\/wp-content\/uploads\/2021\/04\/SI7P8A9514.jpg","width":1200,"height":800},{"@type":"BreadcrumbList","@id":"https:\/\/www.emilianobodega.com\/ca\/producte\/bono-1836-con-maridaje\/#breadcrumb","itemListElement":[{"@type":"ListItem","position":1,"name":"Home","item":"https:\/\/www.emilianobodega.com\/ca\/"},{"@type":"ListItem","position":2,"name":"Botiga","item":"https:\/\/www.emilianobodega.com\/ca\/botiga\/"},{"@type":"ListItem","position":3,"name":"BONO 1836+ AMB SELECCI\u00d3 DE VINS"}]},{"@type":"WebSite","@id":"https:\/\/www.emilianobodega.com\/ca\/#website","url":"https:\/\/www.emilianobodega.com\/ca\/","name":"Casa Monta\u00f1a","description":"Emiliano Bodega Casa Monta\u00f1a en Valencia","potentialAction":[{"@type":"SearchAction","target":{"@type":"EntryPoint","urlTemplate":"https:\/\/www.emilianobodega.com\/ca\/?s={search_term_string}"},"query-input":{"@type":"PropertyValueSpecification","valueRequired":true,"valueName":"search_term_string"}}],"inLanguage":"ca"}]}},"_links":{"self":[{"href":"https:\/\/www.emilianobodega.com\/ca\/wp-json\/wp\/v2\/product\/8048","targetHints":{"allow":["GET"]}}],"collection":[{"href":"https:\/\/www.emilianobodega.com\/ca\/wp-json\/wp\/v2\/product"}],"about":[{"href":"https:\/\/www.emilianobodega.com\/ca\/wp-json\/wp\/v2\/types\/product"}],"wp:featuredmedia":[{"embeddable":true,"href":"https:\/\/www.emilianobodega.com\/ca\/wp-json\/wp\/v2\/media\/8049"}],"wp:attachment":[{"href":"https:\/\/www.emilianobodega.com\/ca\/wp-json\/wp\/v2\/media?parent=8048"}],"wp:term":[{"taxonomy":"product_brand","embeddable":true,"href":"https:\/\/www.emilianobodega.com\/ca\/wp-json\/wp\/v2\/product_brand?post=8048"},{"taxonomy":"product_cat","embeddable":true,"href":"https:\/\/www.emilianobodega.com\/ca\/wp-json\/wp\/v2\/product_cat?post=8048"},{"taxonomy":"product_tag","embeddable":true,"href":"https:\/\/www.emilianobodega.com\/ca\/wp-json\/wp\/v2\/product_tag?post=8048"}],"curies":[{"name":"wp","href":"https:\/\/api.w.org\/{rel}","templated":true}]}}