
{"id":8054,"date":"2021-06-17T10:10:35","date_gmt":"2021-06-17T10:10:35","guid":{"rendered":"https:\/\/www.emilianobodega.com\/product\/bono-1836-vega-sicilia\/"},"modified":"2025-02-06T08:25:02","modified_gmt":"2025-02-06T07:25:02","slug":"bono-1836-vega-sicilia","status":"publish","type":"product","link":"https:\/\/www.emilianobodega.com\/ca\/producte\/bono-1836-vega-sicilia\/","title":{"rendered":"BONO <span class=\"mas-superindice\">1836<span>+<\/span><\/span> GRANS VINS D&nbsp;\u00b4&nbsp;ESPANYA"},"content":{"rendered":"<p><b>Una selecci\u00f3 de les nostres tapes m\u00e9s tradicionals des del 1836, acompanyada dels grans vins d&#8217;Espanya.<\/b><\/p>\n<ul>\n<li>Tonyina roja del Mediterrani marinat a les 7 Esp\u00e8cies<\/li>\n<li>Porro temperat amb vinagreta de verdures<\/li>\n<li>Piment\u00f3 del \u2018piquillo\u2019 farcit<\/li>\n<li>Croqueta de bacall\u00e0<\/li>\n<li>Mixt degustaci\u00f3 de pernil de gla 100% ra\u00e7a ib\u00e8rica etiqueta negra i xori\u00e7o de Zamora<\/li>\n<li>Pimientons de Padr\u00f3n o Piparra de Ibarra (Segons Temporada)<\/li>\n<li>Faves estofades (Michirones)<\/li>\n<li>Rellom de `bov\u00ed especial\u00b4 trinxat amb Boletus<\/li>\n<li>Pa artes\u00e0 del forn San Bartolom\u00e9<\/li>\n<li>Past\u00eds de Formatge Casa Muntanya amb codony i la seva gelea<\/li>\n<li>Caf\u00e9 express<\/li>\n<\/ul>\n<p>&nbsp;<\/p>\n<ul>\n<li>Belondrade y Lurton 2021 D.O. Rueda<\/li>\n<li>Quincha Corral 2019 D.O. El Terrerazo<\/li>\n<li>Torremuga 2019 D.O.Ca Rioja<\/li>\n<li>Oremus Tokaj Late Harvest (Collita tardana)<\/li>\n<\/ul>\n<p>*Inclou aigua<\/p>\n<p>&nbsp;<\/p>\n<p>*Al\u00b7l\u00e8rgens: Cont\u00e9 sulfits.<\/p>\n<p>&nbsp;<\/p>\n<p><em>*Consultar por les nostrres opcions vegetarianes, veganes y sense gl\u00fatens.<\/em><\/p>\n<p><em>*Les tapes d&#8217;aquesta bonificaci\u00f3\/men\u00fa poden variar, ja que estan subjectes a la disponibilitat estacional.<\/em><\/p>\n<p><strong>Per a utilitzar aquest bo ser\u00e0 necessari fer una reserva en el restaurant indicant el n\u00famero de bo.<\/strong><\/p>\n<p><strong>No caduca. V\u00e0lid per a qualsevol dia de la setmana.<\/strong><\/p>\n","protected":false},"excerpt":{"rendered":"<p>Una selecci\u00f3 de les nostres tapes m\u00e9s tradicionals des del [&hellip;]<\/p>\n","protected":false},"featured_media":8055,"template":"","meta":[],"product_brand":[],"product_cat":[81,143],"product_tag":[],"class_list":{"0":"post-8054","1":"product","2":"type-product","3":"status-publish","4":"has-post-thumbnail","6":"product_cat-bono-regalo-ca","7":"product_cat-pdf-bono-ca","9":"first","10":"instock","11":"virtual","12":"purchasable","13":"product-type-simple"},"yoast_head":"<!-- This site is optimized with the Yoast SEO plugin v26.2 - https:\/\/yoast.com\/wordpress\/plugins\/seo\/ -->\n<title>BONO 1836+ GRANS VINS D&nbsp;\u00b4&nbsp;ESPANYA - Casa Monta\u00f1a<\/title>\n<meta name=\"robots\" content=\"index, follow, max-snippet:-1, max-image-preview:large, max-video-preview:-1\" \/>\n<link rel=\"canonical\" href=\"https:\/\/www.emilianobodega.com\/ca\/producte\/bono-1836-vega-sicilia\/\" \/>\n<meta property=\"og:locale\" content=\"ca_ES\" \/>\n<meta property=\"og:type\" content=\"article\" \/>\n<meta property=\"og:title\" content=\"BONO 1836+ GRANS VINS D&nbsp;\u00b4&nbsp;ESPANYA - Casa Monta\u00f1a\" \/>\n<meta property=\"og:description\" content=\"Una selecci\u00f3 de les nostres tapes m\u00e9s tradicionals des del [&hellip;]\" \/>\n<meta property=\"og:url\" content=\"https:\/\/www.emilianobodega.com\/ca\/producte\/bono-1836-vega-sicilia\/\" \/>\n<meta property=\"og:site_name\" content=\"Casa Monta\u00f1a\" \/>\n<meta property=\"article:modified_time\" content=\"2025-02-06T07:25:02+00:00\" \/>\n<meta property=\"og:image\" content=\"https:\/\/www.emilianobodega.com\/wp-content\/uploads\/2021\/06\/7P8A4335_bono.jpg\" \/>\n\t<meta property=\"og:image:width\" content=\"1600\" \/>\n\t<meta property=\"og:image:height\" content=\"1067\" \/>\n\t<meta property=\"og:image:type\" content=\"image\/jpeg\" \/>\n<meta name=\"twitter:card\" content=\"summary_large_image\" \/>\n<meta name=\"twitter:label1\" content=\"Temps estimat de lectura\" \/>\n\t<meta name=\"twitter:data1\" content=\"1 minut\" \/>\n<script type=\"application\/ld+json\" class=\"yoast-schema-graph\">{\"@context\":\"https:\/\/schema.org\",\"@graph\":[{\"@type\":\"WebPage\",\"@id\":\"https:\/\/www.emilianobodega.com\/ca\/producte\/bono-1836-vega-sicilia\/\",\"url\":\"https:\/\/www.emilianobodega.com\/ca\/producte\/bono-1836-vega-sicilia\/\",\"name\":\"BONO 1836+ GRANS VINS D&nbsp;\u00b4&nbsp;ESPANYA - Casa Monta\u00f1a\",\"isPartOf\":{\"@id\":\"https:\/\/www.emilianobodega.com\/ca\/#website\"},\"primaryImageOfPage\":{\"@id\":\"https:\/\/www.emilianobodega.com\/ca\/producte\/bono-1836-vega-sicilia\/#primaryimage\"},\"image\":{\"@id\":\"https:\/\/www.emilianobodega.com\/ca\/producte\/bono-1836-vega-sicilia\/#primaryimage\"},\"thumbnailUrl\":\"https:\/\/www.emilianobodega.com\/wp-content\/uploads\/2021\/06\/7P8A4335_bono.jpg\",\"datePublished\":\"2021-06-17T10:10:35+00:00\",\"dateModified\":\"2025-02-06T07:25:02+00:00\",\"breadcrumb\":{\"@id\":\"https:\/\/www.emilianobodega.com\/ca\/producte\/bono-1836-vega-sicilia\/#breadcrumb\"},\"inLanguage\":\"ca\",\"potentialAction\":[{\"@type\":\"ReadAction\",\"target\":[\"https:\/\/www.emilianobodega.com\/ca\/producte\/bono-1836-vega-sicilia\/\"]}]},{\"@type\":\"ImageObject\",\"inLanguage\":\"ca\",\"@id\":\"https:\/\/www.emilianobodega.com\/ca\/producte\/bono-1836-vega-sicilia\/#primaryimage\",\"url\":\"https:\/\/www.emilianobodega.com\/wp-content\/uploads\/2021\/06\/7P8A4335_bono.jpg\",\"contentUrl\":\"https:\/\/www.emilianobodega.com\/wp-content\/uploads\/2021\/06\/7P8A4335_bono.jpg\",\"width\":1600,\"height\":1067},{\"@type\":\"BreadcrumbList\",\"@id\":\"https:\/\/www.emilianobodega.com\/ca\/producte\/bono-1836-vega-sicilia\/#breadcrumb\",\"itemListElement\":[{\"@type\":\"ListItem\",\"position\":1,\"name\":\"Home\",\"item\":\"https:\/\/www.emilianobodega.com\/ca\/\"},{\"@type\":\"ListItem\",\"position\":2,\"name\":\"Botiga\",\"item\":\"https:\/\/www.emilianobodega.com\/ca\/botiga\/\"},{\"@type\":\"ListItem\",\"position\":3,\"name\":\"BONO &lt;span class=&quot;mas-superindice&quot;&gt;1836&lt;span&gt;+&lt;\/span&gt;&lt;\/span&gt; GRANS VINS D&nbsp;\u00b4&nbsp;ESPANYA\"}]},{\"@type\":\"WebSite\",\"@id\":\"https:\/\/www.emilianobodega.com\/ca\/#website\",\"url\":\"https:\/\/www.emilianobodega.com\/ca\/\",\"name\":\"Casa Monta\u00f1a\",\"description\":\"Emiliano Bodega Casa Monta\u00f1a en Valencia\",\"potentialAction\":[{\"@type\":\"SearchAction\",\"target\":{\"@type\":\"EntryPoint\",\"urlTemplate\":\"https:\/\/www.emilianobodega.com\/ca\/?s={search_term_string}\"},\"query-input\":{\"@type\":\"PropertyValueSpecification\",\"valueRequired\":true,\"valueName\":\"search_term_string\"}}],\"inLanguage\":\"ca\"}]}<\/script>\n<!-- \/ Yoast SEO plugin. -->","yoast_head_json":{"title":"BONO 1836+ GRANS VINS D&nbsp;\u00b4&nbsp;ESPANYA - Casa Monta\u00f1a","robots":{"index":"index","follow":"follow","max-snippet":"max-snippet:-1","max-image-preview":"max-image-preview:large","max-video-preview":"max-video-preview:-1"},"canonical":"https:\/\/www.emilianobodega.com\/ca\/producte\/bono-1836-vega-sicilia\/","og_locale":"ca_ES","og_type":"article","og_title":"BONO 1836+ GRANS VINS D&nbsp;\u00b4&nbsp;ESPANYA - Casa Monta\u00f1a","og_description":"Una selecci\u00f3 de les nostres tapes m\u00e9s tradicionals des del [&hellip;]","og_url":"https:\/\/www.emilianobodega.com\/ca\/producte\/bono-1836-vega-sicilia\/","og_site_name":"Casa Monta\u00f1a","article_modified_time":"2025-02-06T07:25:02+00:00","og_image":[{"width":1600,"height":1067,"url":"https:\/\/www.emilianobodega.com\/wp-content\/uploads\/2021\/06\/7P8A4335_bono.jpg","type":"image\/jpeg"}],"twitter_card":"summary_large_image","twitter_misc":{"Temps estimat de lectura":"1 minut"},"schema":{"@context":"https:\/\/schema.org","@graph":[{"@type":"WebPage","@id":"https:\/\/www.emilianobodega.com\/ca\/producte\/bono-1836-vega-sicilia\/","url":"https:\/\/www.emilianobodega.com\/ca\/producte\/bono-1836-vega-sicilia\/","name":"BONO 1836+ GRANS VINS D&nbsp;\u00b4&nbsp;ESPANYA - Casa Monta\u00f1a","isPartOf":{"@id":"https:\/\/www.emilianobodega.com\/ca\/#website"},"primaryImageOfPage":{"@id":"https:\/\/www.emilianobodega.com\/ca\/producte\/bono-1836-vega-sicilia\/#primaryimage"},"image":{"@id":"https:\/\/www.emilianobodega.com\/ca\/producte\/bono-1836-vega-sicilia\/#primaryimage"},"thumbnailUrl":"https:\/\/www.emilianobodega.com\/wp-content\/uploads\/2021\/06\/7P8A4335_bono.jpg","datePublished":"2021-06-17T10:10:35+00:00","dateModified":"2025-02-06T07:25:02+00:00","breadcrumb":{"@id":"https:\/\/www.emilianobodega.com\/ca\/producte\/bono-1836-vega-sicilia\/#breadcrumb"},"inLanguage":"ca","potentialAction":[{"@type":"ReadAction","target":["https:\/\/www.emilianobodega.com\/ca\/producte\/bono-1836-vega-sicilia\/"]}]},{"@type":"ImageObject","inLanguage":"ca","@id":"https:\/\/www.emilianobodega.com\/ca\/producte\/bono-1836-vega-sicilia\/#primaryimage","url":"https:\/\/www.emilianobodega.com\/wp-content\/uploads\/2021\/06\/7P8A4335_bono.jpg","contentUrl":"https:\/\/www.emilianobodega.com\/wp-content\/uploads\/2021\/06\/7P8A4335_bono.jpg","width":1600,"height":1067},{"@type":"BreadcrumbList","@id":"https:\/\/www.emilianobodega.com\/ca\/producte\/bono-1836-vega-sicilia\/#breadcrumb","itemListElement":[{"@type":"ListItem","position":1,"name":"Home","item":"https:\/\/www.emilianobodega.com\/ca\/"},{"@type":"ListItem","position":2,"name":"Botiga","item":"https:\/\/www.emilianobodega.com\/ca\/botiga\/"},{"@type":"ListItem","position":3,"name":"BONO &lt;span class=&quot;mas-superindice&quot;&gt;1836&lt;span&gt;+&lt;\/span&gt;&lt;\/span&gt; GRANS VINS D&nbsp;\u00b4&nbsp;ESPANYA"}]},{"@type":"WebSite","@id":"https:\/\/www.emilianobodega.com\/ca\/#website","url":"https:\/\/www.emilianobodega.com\/ca\/","name":"Casa Monta\u00f1a","description":"Emiliano Bodega Casa Monta\u00f1a en Valencia","potentialAction":[{"@type":"SearchAction","target":{"@type":"EntryPoint","urlTemplate":"https:\/\/www.emilianobodega.com\/ca\/?s={search_term_string}"},"query-input":{"@type":"PropertyValueSpecification","valueRequired":true,"valueName":"search_term_string"}}],"inLanguage":"ca"}]}},"_links":{"self":[{"href":"https:\/\/www.emilianobodega.com\/ca\/wp-json\/wp\/v2\/product\/8054","targetHints":{"allow":["GET"]}}],"collection":[{"href":"https:\/\/www.emilianobodega.com\/ca\/wp-json\/wp\/v2\/product"}],"about":[{"href":"https:\/\/www.emilianobodega.com\/ca\/wp-json\/wp\/v2\/types\/product"}],"wp:featuredmedia":[{"embeddable":true,"href":"https:\/\/www.emilianobodega.com\/ca\/wp-json\/wp\/v2\/media\/8055"}],"wp:attachment":[{"href":"https:\/\/www.emilianobodega.com\/ca\/wp-json\/wp\/v2\/media?parent=8054"}],"wp:term":[{"taxonomy":"product_brand","embeddable":true,"href":"https:\/\/www.emilianobodega.com\/ca\/wp-json\/wp\/v2\/product_brand?post=8054"},{"taxonomy":"product_cat","embeddable":true,"href":"https:\/\/www.emilianobodega.com\/ca\/wp-json\/wp\/v2\/product_cat?post=8054"},{"taxonomy":"product_tag","embeddable":true,"href":"https:\/\/www.emilianobodega.com\/ca\/wp-json\/wp\/v2\/product_tag?post=8054"}],"curies":[{"name":"wp","href":"https:\/\/api.w.org\/{rel}","templated":true}]}}