
{"id":8152,"date":"2021-06-12T08:39:56","date_gmt":"2021-06-12T08:39:56","guid":{"rendered":"https:\/\/www.emilianobodega.com\/product\/el-joc-de-valencia\/"},"modified":"2021-10-21T10:05:53","modified_gmt":"2021-10-21T08:05:53","slug":"el-joc-de-valencia","status":"publish","type":"product","link":"https:\/\/www.emilianobodega.com\/ca\/producte\/el-joc-de-valencia\/","title":{"rendered":"El Joc de Valencia"},"content":{"rendered":"<p>Un divertit joc de taula per a rec\u00f3rrer la ciutat de Val\u00e8ncia i descobrir els llocs m\u00e9s emblem\u00e0tics i comer\u00e7os m\u00e9s aut\u00e8ntics. De 2 a 6 jugadors. Editat per Trafic Connecta. Dissenyat i Il\u00b7lustrat per Virginia Lorente @typical Val\u00e8ncia.<\/p>\n<p>Lleng\u00fces: Valenci\u00e0 y Castell\u00e0<\/p>\n","protected":false},"excerpt":{"rendered":"<p>Un divertit joc de taula per a rec\u00f3rrer la ciutat [&hellip;]<\/p>\n","protected":false},"featured_media":8153,"template":"","meta":[],"product_brand":[],"product_cat":[83],"product_tag":[],"class_list":{"0":"post-8152","1":"product","2":"type-product","3":"status-publish","4":"has-post-thumbnail","6":"product_cat-merchandising-ca","8":"first","9":"instock","10":"shipping-taxable","11":"purchasable","12":"product-type-simple"},"yoast_head":"<!-- This site is optimized with the Yoast SEO plugin v26.2 - https:\/\/yoast.com\/wordpress\/plugins\/seo\/ -->\n<title>El Joc de Valencia - Casa Monta\u00f1a<\/title>\n<meta name=\"robots\" content=\"index, follow, max-snippet:-1, max-image-preview:large, max-video-preview:-1\" \/>\n<link rel=\"canonical\" href=\"https:\/\/www.emilianobodega.com\/ca\/producte\/el-joc-de-valencia\/\" \/>\n<meta property=\"og:locale\" content=\"ca_ES\" \/>\n<meta property=\"og:type\" content=\"article\" \/>\n<meta property=\"og:title\" content=\"El Joc de Valencia - Casa Monta\u00f1a\" \/>\n<meta property=\"og:description\" content=\"Un divertit joc de taula per a rec\u00f3rrer la ciutat [&hellip;]\" \/>\n<meta property=\"og:url\" content=\"https:\/\/www.emilianobodega.com\/ca\/producte\/el-joc-de-valencia\/\" \/>\n<meta property=\"og:site_name\" content=\"Casa Monta\u00f1a\" \/>\n<meta property=\"article:modified_time\" content=\"2021-10-21T08:05:53+00:00\" \/>\n<meta property=\"og:image\" content=\"https:\/\/www.emilianobodega.com\/wp-content\/uploads\/2021\/06\/joc.jpg\" \/>\n\t<meta property=\"og:image:width\" content=\"268\" \/>\n\t<meta property=\"og:image:height\" content=\"404\" \/>\n\t<meta property=\"og:image:type\" content=\"image\/jpeg\" \/>\n<meta name=\"twitter:card\" content=\"summary_large_image\" \/>\n<meta name=\"twitter:label1\" content=\"Temps estimat de lectura\" \/>\n\t<meta name=\"twitter:data1\" content=\"1 minut\" \/>\n<script type=\"application\/ld+json\" class=\"yoast-schema-graph\">{\"@context\":\"https:\/\/schema.org\",\"@graph\":[{\"@type\":\"WebPage\",\"@id\":\"https:\/\/www.emilianobodega.com\/ca\/producte\/el-joc-de-valencia\/\",\"url\":\"https:\/\/www.emilianobodega.com\/ca\/producte\/el-joc-de-valencia\/\",\"name\":\"El Joc de Valencia - Casa Monta\u00f1a\",\"isPartOf\":{\"@id\":\"https:\/\/www.emilianobodega.com\/ca\/#website\"},\"primaryImageOfPage\":{\"@id\":\"https:\/\/www.emilianobodega.com\/ca\/producte\/el-joc-de-valencia\/#primaryimage\"},\"image\":{\"@id\":\"https:\/\/www.emilianobodega.com\/ca\/producte\/el-joc-de-valencia\/#primaryimage\"},\"thumbnailUrl\":\"https:\/\/www.emilianobodega.com\/wp-content\/uploads\/2021\/06\/joc.jpg\",\"datePublished\":\"2021-06-12T08:39:56+00:00\",\"dateModified\":\"2021-10-21T08:05:53+00:00\",\"breadcrumb\":{\"@id\":\"https:\/\/www.emilianobodega.com\/ca\/producte\/el-joc-de-valencia\/#breadcrumb\"},\"inLanguage\":\"ca\",\"potentialAction\":[{\"@type\":\"ReadAction\",\"target\":[\"https:\/\/www.emilianobodega.com\/ca\/producte\/el-joc-de-valencia\/\"]}]},{\"@type\":\"ImageObject\",\"inLanguage\":\"ca\",\"@id\":\"https:\/\/www.emilianobodega.com\/ca\/producte\/el-joc-de-valencia\/#primaryimage\",\"url\":\"https:\/\/www.emilianobodega.com\/wp-content\/uploads\/2021\/06\/joc.jpg\",\"contentUrl\":\"https:\/\/www.emilianobodega.com\/wp-content\/uploads\/2021\/06\/joc.jpg\",\"width\":268,\"height\":404},{\"@type\":\"BreadcrumbList\",\"@id\":\"https:\/\/www.emilianobodega.com\/ca\/producte\/el-joc-de-valencia\/#breadcrumb\",\"itemListElement\":[{\"@type\":\"ListItem\",\"position\":1,\"name\":\"Home\",\"item\":\"https:\/\/www.emilianobodega.com\/ca\/\"},{\"@type\":\"ListItem\",\"position\":2,\"name\":\"Botiga\",\"item\":\"https:\/\/www.emilianobodega.com\/ca\/botiga\/\"},{\"@type\":\"ListItem\",\"position\":3,\"name\":\"El Joc de Valencia\"}]},{\"@type\":\"WebSite\",\"@id\":\"https:\/\/www.emilianobodega.com\/ca\/#website\",\"url\":\"https:\/\/www.emilianobodega.com\/ca\/\",\"name\":\"Casa Monta\u00f1a\",\"description\":\"Emiliano Bodega Casa Monta\u00f1a en Valencia\",\"potentialAction\":[{\"@type\":\"SearchAction\",\"target\":{\"@type\":\"EntryPoint\",\"urlTemplate\":\"https:\/\/www.emilianobodega.com\/ca\/?s={search_term_string}\"},\"query-input\":{\"@type\":\"PropertyValueSpecification\",\"valueRequired\":true,\"valueName\":\"search_term_string\"}}],\"inLanguage\":\"ca\"}]}<\/script>\n<!-- \/ Yoast SEO plugin. -->","yoast_head_json":{"title":"El Joc de Valencia - Casa Monta\u00f1a","robots":{"index":"index","follow":"follow","max-snippet":"max-snippet:-1","max-image-preview":"max-image-preview:large","max-video-preview":"max-video-preview:-1"},"canonical":"https:\/\/www.emilianobodega.com\/ca\/producte\/el-joc-de-valencia\/","og_locale":"ca_ES","og_type":"article","og_title":"El Joc de Valencia - Casa Monta\u00f1a","og_description":"Un divertit joc de taula per a rec\u00f3rrer la ciutat [&hellip;]","og_url":"https:\/\/www.emilianobodega.com\/ca\/producte\/el-joc-de-valencia\/","og_site_name":"Casa Monta\u00f1a","article_modified_time":"2021-10-21T08:05:53+00:00","og_image":[{"width":268,"height":404,"url":"https:\/\/www.emilianobodega.com\/wp-content\/uploads\/2021\/06\/joc.jpg","type":"image\/jpeg"}],"twitter_card":"summary_large_image","twitter_misc":{"Temps estimat de lectura":"1 minut"},"schema":{"@context":"https:\/\/schema.org","@graph":[{"@type":"WebPage","@id":"https:\/\/www.emilianobodega.com\/ca\/producte\/el-joc-de-valencia\/","url":"https:\/\/www.emilianobodega.com\/ca\/producte\/el-joc-de-valencia\/","name":"El Joc de Valencia - Casa Monta\u00f1a","isPartOf":{"@id":"https:\/\/www.emilianobodega.com\/ca\/#website"},"primaryImageOfPage":{"@id":"https:\/\/www.emilianobodega.com\/ca\/producte\/el-joc-de-valencia\/#primaryimage"},"image":{"@id":"https:\/\/www.emilianobodega.com\/ca\/producte\/el-joc-de-valencia\/#primaryimage"},"thumbnailUrl":"https:\/\/www.emilianobodega.com\/wp-content\/uploads\/2021\/06\/joc.jpg","datePublished":"2021-06-12T08:39:56+00:00","dateModified":"2021-10-21T08:05:53+00:00","breadcrumb":{"@id":"https:\/\/www.emilianobodega.com\/ca\/producte\/el-joc-de-valencia\/#breadcrumb"},"inLanguage":"ca","potentialAction":[{"@type":"ReadAction","target":["https:\/\/www.emilianobodega.com\/ca\/producte\/el-joc-de-valencia\/"]}]},{"@type":"ImageObject","inLanguage":"ca","@id":"https:\/\/www.emilianobodega.com\/ca\/producte\/el-joc-de-valencia\/#primaryimage","url":"https:\/\/www.emilianobodega.com\/wp-content\/uploads\/2021\/06\/joc.jpg","contentUrl":"https:\/\/www.emilianobodega.com\/wp-content\/uploads\/2021\/06\/joc.jpg","width":268,"height":404},{"@type":"BreadcrumbList","@id":"https:\/\/www.emilianobodega.com\/ca\/producte\/el-joc-de-valencia\/#breadcrumb","itemListElement":[{"@type":"ListItem","position":1,"name":"Home","item":"https:\/\/www.emilianobodega.com\/ca\/"},{"@type":"ListItem","position":2,"name":"Botiga","item":"https:\/\/www.emilianobodega.com\/ca\/botiga\/"},{"@type":"ListItem","position":3,"name":"El Joc de Valencia"}]},{"@type":"WebSite","@id":"https:\/\/www.emilianobodega.com\/ca\/#website","url":"https:\/\/www.emilianobodega.com\/ca\/","name":"Casa Monta\u00f1a","description":"Emiliano Bodega Casa Monta\u00f1a en Valencia","potentialAction":[{"@type":"SearchAction","target":{"@type":"EntryPoint","urlTemplate":"https:\/\/www.emilianobodega.com\/ca\/?s={search_term_string}"},"query-input":{"@type":"PropertyValueSpecification","valueRequired":true,"valueName":"search_term_string"}}],"inLanguage":"ca"}]}},"_links":{"self":[{"href":"https:\/\/www.emilianobodega.com\/ca\/wp-json\/wp\/v2\/product\/8152","targetHints":{"allow":["GET"]}}],"collection":[{"href":"https:\/\/www.emilianobodega.com\/ca\/wp-json\/wp\/v2\/product"}],"about":[{"href":"https:\/\/www.emilianobodega.com\/ca\/wp-json\/wp\/v2\/types\/product"}],"wp:featuredmedia":[{"embeddable":true,"href":"https:\/\/www.emilianobodega.com\/ca\/wp-json\/wp\/v2\/media\/8153"}],"wp:attachment":[{"href":"https:\/\/www.emilianobodega.com\/ca\/wp-json\/wp\/v2\/media?parent=8152"}],"wp:term":[{"taxonomy":"product_brand","embeddable":true,"href":"https:\/\/www.emilianobodega.com\/ca\/wp-json\/wp\/v2\/product_brand?post=8152"},{"taxonomy":"product_cat","embeddable":true,"href":"https:\/\/www.emilianobodega.com\/ca\/wp-json\/wp\/v2\/product_cat?post=8152"},{"taxonomy":"product_tag","embeddable":true,"href":"https:\/\/www.emilianobodega.com\/ca\/wp-json\/wp\/v2\/product_tag?post=8152"}],"curies":[{"name":"wp","href":"https:\/\/api.w.org\/{rel}","templated":true}]}}